{"id":60,"date":"2022-07-25T14:48:16","date_gmt":"2022-07-25T12:48:16","guid":{"rendered":"http:\/\/kravmagapicsaintloup.fr\/?page_id=60"},"modified":"2025-09-09T11:21:13","modified_gmt":"2025-09-09T09:21:13","slug":"inscriptions","status":"publish","type":"page","link":"https:\/\/kravmagapicsaintloup.fr\/index.php\/inscriptions\/","title":{"rendered":"Tarifs &#038; Inscriptions"},"content":{"rendered":"\n<h2 class=\"wp-block-heading\">Tarifs<\/h2>\n\n\n\n<figure class=\"wp-block-table\"><table><tbody><tr><td>Tarifs<\/td><td class=\"has-text-align-center\" data-align=\"center\">Adh\u00e9sion avec la tenue<\/td><td class=\"has-text-align-center\" data-align=\"center\">Adh\u00e9sion sans la tenue<\/td><\/tr><tr><td>Normal<\/td><td class=\"has-text-align-center\" data-align=\"center\">240 \u20ac<\/td><td class=\"has-text-align-center\" data-align=\"center\">210 \u20ac<\/td><\/tr><tr><td>R\u00e9duit *<\/td><td class=\"has-text-align-center\" data-align=\"center\">210 \u20ac<\/td><td class=\"has-text-align-center\" data-align=\"center\">190 \u20ac<\/td><\/tr><\/tbody><\/table><figcaption class=\"wp-element-caption\"><em>* \u00c9tudiants, demandeurs d&#8217;emplois, CE et adh\u00e9rents Club Saint-Roch <\/em><\/figcaption><\/figure>\n\n\n\n<hr class=\"wp-block-separator has-alpha-channel-opacity\"\/>\n\n\n\n<h2 class=\"wp-block-heading\">Fiche d&#8217;inscription<\/h2>\n\n\n\n<object class=\"wp-block-file__embed\" data=\"http:\/\/kravmagapicsaintloup.fr\/wp-content\/uploads\/2025\/08\/FICHE-INSCRIPTION-2025-2026.pdf\" type=\"application\/pdf\" style=\"width:100%;height:300px\" aria-label=\"Contenu embarqu\u00e9 fiche-inscription.\"><\/object><a href=\"http:\/\/kravmagapicsaintloup.fr\/wp-content\/uploads\/2025\/08\/FICHE-INSCRIPTION-2025-2026.pdf\">T\u00e9l\u00e9charger<\/a>\n\n\n\n<h2 class=\"wp-block-heading\">R\u00e8glement int\u00e9rieur<\/h2>\n\n\n\n<object class=\"wp-block-file__embed\" data=\"http:\/\/kravmagapicsaintloup.fr\/wp-content\/uploads\/2025\/08\/Reglement-interieur-2025-2026.pdf\" type=\"application\/pdf\" style=\"width:100%;height:300px\" aria-label=\"Contenu embarqu\u00e9 reglement interieur.\"><\/object><a href=\"http:\/\/kravmagapicsaintloup.fr\/wp-content\/uploads\/2025\/08\/Reglement-interieur-2025-2026.pdf\">T\u00e9l\u00e9charger<\/a>\n\n\n\n<h2 class=\"wp-block-heading\">Mineurs a partir de 15 ans\u00a0: attestation parentale<\/h2>\n\n\n\n<object class=\"wp-block-file__embed\" data=\"http:\/\/kravmagapicsaintloup.fr\/wp-content\/uploads\/2025\/08\/attestation-parentale-2025-2026.pdf\" type=\"application\/pdf\" style=\"width:100%;height:300px\" aria-label=\"Contenu embarqu\u00e9 attestation parental.\"><\/object><a href=\"http:\/\/kravmagapicsaintloup.fr\/wp-content\/uploads\/2025\/08\/attestation-parentale-2025-2026.pdf\">T\u00e9l\u00e9charger<\/a>\n","protected":false},"excerpt":{"rendered":"<p>Tarifs Tarifs Adh\u00e9sion avec la tenue Adh\u00e9sion sans la tenue Normal 240 \u20ac 210 \u20ac R\u00e9duit * 210 \u20ac 190 \u20ac * \u00c9tudiants, demandeurs d&#8217;emplois, CE et adh\u00e9rents Club Saint-Roch Fiche d&#8217;inscription T\u00e9l\u00e9charger R\u00e8glement int\u00e9rieur T\u00e9l\u00e9charger Mineurs a partir de 15 ans\u00a0: attestation parentale T\u00e9l\u00e9charger<\/p>\n","protected":false},"author":1,"featured_media":0,"parent":0,"menu_order":0,"comment_status":"closed","ping_status":"closed","template":"","meta":{"footnotes":""},"class_list":["post-60","page","type-page","status-publish","hentry"],"_links":{"self":[{"href":"https:\/\/kravmagapicsaintloup.fr\/index.php\/wp-json\/wp\/v2\/pages\/60","targetHints":{"allow":["GET"]}}],"collection":[{"href":"https:\/\/kravmagapicsaintloup.fr\/index.php\/wp-json\/wp\/v2\/pages"}],"about":[{"href":"https:\/\/kravmagapicsaintloup.fr\/index.php\/wp-json\/wp\/v2\/types\/page"}],"author":[{"embeddable":true,"href":"https:\/\/kravmagapicsaintloup.fr\/index.php\/wp-json\/wp\/v2\/users\/1"}],"replies":[{"embeddable":true,"href":"https:\/\/kravmagapicsaintloup.fr\/index.php\/wp-json\/wp\/v2\/comments?post=60"}],"version-history":[{"count":20,"href":"https:\/\/kravmagapicsaintloup.fr\/index.php\/wp-json\/wp\/v2\/pages\/60\/revisions"}],"predecessor-version":[{"id":351,"href":"https:\/\/kravmagapicsaintloup.fr\/index.php\/wp-json\/wp\/v2\/pages\/60\/revisions\/351"}],"wp:attachment":[{"href":"https:\/\/kravmagapicsaintloup.fr\/index.php\/wp-json\/wp\/v2\/media?parent=60"}],"curies":[{"name":"wp","href":"https:\/\/api.w.org\/{rel}","templated":true}]}}